{"id":27,"date":"2022-12-19T11:59:05","date_gmt":"2022-12-19T14:59:05","guid":{"rendered":"https:\/\/demosites.royal-elementor-addons.com\/fitness-gym-v1\/?page_id=27"},"modified":"2025-01-14T15:09:34","modified_gmt":"2025-01-14T18:09:34","slug":"trainers","status":"publish","type":"page","link":"https:\/\/tratodebarbados.com.br\/?page_id=27","title":{"rendered":"Trainers"},"content":{"rendered":"\t\t<div data-elementor-type=\"wp-page\" data-elementor-id=\"27\" class=\"elementor elementor-27\">\n\t\t\t\t\t\t<section class=\"elementor-section elementor-top-section elementor-element elementor-element-52bbe6f elementor-section-height-min-height elementor-section-boxed elementor-section-height-default elementor-section-items-middle wpr-particle-no wpr-jarallax-no wpr-parallax-no wpr-sticky-section-no\" data-id=\"52bbe6f\" data-element_type=\"section\" data-settings=\"{&quot;background_background&quot;:&quot;classic&quot;,&quot;shape_divider_bottom&quot;:&quot;tilt&quot;}\">\n\t\t\t\t\t\t\t<div class=\"elementor-background-overlay\"><\/div>\n\t\t\t\t\t\t<div class=\"elementor-shape elementor-shape-bottom\" data-negative=\"false\">\n\t\t\t<svg xmlns=\"http:\/\/www.w3.org\/2000\/svg\" viewBox=\"0 0 1000 100\" preserveAspectRatio=\"none\">\n\t<path class=\"elementor-shape-fill\" d=\"M0,6V0h1000v100L0,6z\"\/>\n<\/svg>\t\t<\/div>\n\t\t\t\t\t<div class=\"elementor-container elementor-column-gap-default\">\n\t\t\t\t\t<div class=\"elementor-column elementor-col-100 elementor-top-column elementor-element elementor-element-ffc1ea9\" data-id=\"ffc1ea9\" data-element_type=\"column\">\n\t\t\t<div class=\"elementor-widget-wrap elementor-element-populated\">\n\t\t\t\t\t\t<div class=\"elementor-element elementor-element-3f9c5b2 elementor-widget elementor-widget-heading\" data-id=\"3f9c5b2\" data-element_type=\"widget\" data-widget_type=\"heading.default\">\n\t\t\t\t<div class=\"elementor-widget-container\">\n\t\t\t\t\t<h2 class=\"elementor-heading-title elementor-size-default\">Profissionais <\/h2>\t\t\t\t<\/div>\n\t\t\t\t<\/div>\n\t\t\t\t\t<\/div>\n\t\t<\/div>\n\t\t\t\t\t<\/div>\n\t\t<\/section>\n\t\t\t\t<section class=\"elementor-section elementor-top-section elementor-element elementor-element-134f5b1 elementor-section-boxed elementor-section-height-default elementor-section-height-default wpr-particle-no wpr-jarallax-no wpr-parallax-no wpr-sticky-section-no\" data-id=\"134f5b1\" data-element_type=\"section\">\n\t\t\t\t\t\t<div class=\"elementor-container elementor-column-gap-default\">\n\t\t\t\t\t<div class=\"elementor-column elementor-col-100 elementor-top-column elementor-element elementor-element-b72bff8\" data-id=\"b72bff8\" data-element_type=\"column\">\n\t\t\t<div class=\"elementor-widget-wrap elementor-element-populated\">\n\t\t\t\t\t\t<div class=\"elementor-element elementor-element-b300782 elementor-widget elementor-widget-heading\" data-id=\"b300782\" data-element_type=\"widget\" data-widget_type=\"heading.default\">\n\t\t\t\t<div class=\"elementor-widget-container\">\n\t\t\t\t\t<h2 class=\"elementor-heading-title elementor-size-default\">Habilidades dos Barbeiros<\/h2>\t\t\t\t<\/div>\n\t\t\t\t<\/div>\n\t\t\t\t<div class=\"elementor-element elementor-element-4014768 elementor-widget elementor-widget-heading\" data-id=\"4014768\" data-element_type=\"widget\" data-widget_type=\"heading.default\">\n\t\t\t\t<div class=\"elementor-widget-container\">\n\t\t\t\t\t<h2 class=\"elementor-heading-title elementor-size-default\">\nPOR QUE NOS ESCOLHER<\/h2>\t\t\t\t<\/div>\n\t\t\t\t<\/div>\n\t\t\t\t<section class=\"elementor-section elementor-inner-section elementor-element elementor-element-4408f8f elementor-section-boxed elementor-section-height-default elementor-section-height-default wpr-particle-no wpr-jarallax-no wpr-parallax-no wpr-sticky-section-no\" data-id=\"4408f8f\" data-element_type=\"section\">\n\t\t\t\t\t\t<div class=\"elementor-container elementor-column-gap-default\">\n\t\t\t\t\t<div class=\"elementor-column elementor-col-100 elementor-inner-column elementor-element elementor-element-70b2df5\" data-id=\"70b2df5\" data-element_type=\"column\">\n\t\t\t<div class=\"elementor-widget-wrap elementor-element-populated\">\n\t\t\t\t\t\t<div class=\"elementor-element elementor-element-690463d wpr-pbar-title-pos-outside wpr-pbar-counter-pos-outside wpr-prbar-layout-hr-line elementor-widget elementor-widget-wpr-progress-bar\" data-id=\"690463d\" data-element_type=\"widget\" data-widget_type=\"wpr-progress-bar.default\">\n\t\t\t\t<div class=\"elementor-widget-container\">\n\t\t\t\t\t\t\t\t\n\t\t<div class=\"wpr-progress-bar\" data-options=\"{&quot;counterValue&quot;:99,&quot;counterValuePersent&quot;:99,&quot;counterSeparator&quot;:&quot;&quot;,&quot;animDuration&quot;:1000,&quot;animDelay&quot;:0,&quot;loop&quot;:&quot;&quot;,&quot;loopDelay&quot;:&quot;&quot;}\">\n\t\t\n\t\t\t<div class=\"wpr-prbar-content elementor-clearfix\"><div class=\"wpr-prbar-title-wrap\"><div class=\"wpr-prbar-title\">Corte <\/div><div class=\"wpr-prbar-subtitle\"><\/div><\/div>\n\t\t<div class=\"wpr-prbar-counter\">\n\n\t\t\t\n\t\t\t\t\t\t<span class=\"wpr-prbar-counter-value\">0<\/span>\n\t\t\t\n\t\t\t\t\t\t<span class=\"wpr-prbar-counter-value-suffix\">%<\/span>\n\t\t\t\n\t\t<\/div>\n\n\t\t<\/div>\n\t\t<div class=\"wpr-prbar-hr-line\">\n\t\t\t<div class=\"wpr-prbar-hr-line-inner wpr-anim-timing-ease-default\">\n\t\t\t\t\t\t\t<\/div>\n\t\t\t\t\t<\/div>\n\n\t\t\n\t\t<\/div>\n\n\t\t\t\t\t\t<\/div>\n\t\t\t\t<\/div>\n\t\t\t\t<div class=\"elementor-element elementor-element-35689a5 wpr-pbar-title-pos-outside wpr-pbar-counter-pos-outside wpr-prbar-layout-hr-line elementor-widget elementor-widget-wpr-progress-bar\" data-id=\"35689a5\" data-element_type=\"widget\" data-widget_type=\"wpr-progress-bar.default\">\n\t\t\t\t<div class=\"elementor-widget-container\">\n\t\t\t\t\t\t\t\t\n\t\t<div class=\"wpr-progress-bar\" data-options=\"{&quot;counterValue&quot;:99,&quot;counterValuePersent&quot;:99,&quot;counterSeparator&quot;:&quot;&quot;,&quot;animDuration&quot;:1000,&quot;animDelay&quot;:0,&quot;loop&quot;:&quot;&quot;,&quot;loopDelay&quot;:&quot;&quot;}\">\n\t\t\n\t\t\t<div class=\"wpr-prbar-content elementor-clearfix\"><div class=\"wpr-prbar-title-wrap\"><div class=\"wpr-prbar-title\">Barba<\/div><div class=\"wpr-prbar-subtitle\"><\/div><\/div>\n\t\t<div class=\"wpr-prbar-counter\">\n\n\t\t\t\n\t\t\t\t\t\t<span class=\"wpr-prbar-counter-value\">0<\/span>\n\t\t\t\n\t\t\t\t\t\t<span class=\"wpr-prbar-counter-value-suffix\">%<\/span>\n\t\t\t\n\t\t<\/div>\n\n\t\t<\/div>\n\t\t<div class=\"wpr-prbar-hr-line\">\n\t\t\t<div class=\"wpr-prbar-hr-line-inner wpr-anim-timing-ease-default\">\n\t\t\t\t\t\t\t<\/div>\n\t\t\t\t\t<\/div>\n\n\t\t\n\t\t<\/div>\n\n\t\t\t\t\t\t<\/div>\n\t\t\t\t<\/div>\n\t\t\t\t<div class=\"elementor-element elementor-element-af470c6 wpr-pbar-title-pos-outside wpr-pbar-counter-pos-outside wpr-prbar-layout-hr-line elementor-widget elementor-widget-wpr-progress-bar\" data-id=\"af470c6\" data-element_type=\"widget\" data-widget_type=\"wpr-progress-bar.default\">\n\t\t\t\t<div class=\"elementor-widget-container\">\n\t\t\t\t\t\t\t\t\n\t\t<div class=\"wpr-progress-bar\" data-options=\"{&quot;counterValue&quot;:80,&quot;counterValuePersent&quot;:80,&quot;counterSeparator&quot;:&quot;&quot;,&quot;animDuration&quot;:1000,&quot;animDelay&quot;:0,&quot;loop&quot;:&quot;&quot;,&quot;loopDelay&quot;:&quot;&quot;}\">\n\t\t\n\t\t\t<div class=\"wpr-prbar-content elementor-clearfix\"><div class=\"wpr-prbar-title-wrap\"><div class=\"wpr-prbar-title\">Visagismo<\/div><div class=\"wpr-prbar-subtitle\"><\/div><\/div>\n\t\t<div class=\"wpr-prbar-counter\">\n\n\t\t\t\n\t\t\t\t\t\t<span class=\"wpr-prbar-counter-value\">0<\/span>\n\t\t\t\n\t\t\t\t\t\t<span class=\"wpr-prbar-counter-value-suffix\">%<\/span>\n\t\t\t\n\t\t<\/div>\n\n\t\t<\/div>\n\t\t<div class=\"wpr-prbar-hr-line\">\n\t\t\t<div class=\"wpr-prbar-hr-line-inner wpr-anim-timing-ease-default\">\n\t\t\t\t\t\t\t<\/div>\n\t\t\t\t\t<\/div>\n\n\t\t\n\t\t<\/div>\n\n\t\t\t\t\t\t<\/div>\n\t\t\t\t<\/div>\n\t\t\t\t<div class=\"elementor-element elementor-element-a687c5f wpr-pbar-title-pos-outside wpr-pbar-counter-pos-outside wpr-prbar-layout-hr-line elementor-widget elementor-widget-wpr-progress-bar\" data-id=\"a687c5f\" data-element_type=\"widget\" data-widget_type=\"wpr-progress-bar.default\">\n\t\t\t\t<div class=\"elementor-widget-container\">\n\t\t\t\t\t\t\t\t\n\t\t<div class=\"wpr-progress-bar\" data-options=\"{&quot;counterValue&quot;:80,&quot;counterValuePersent&quot;:80,&quot;counterSeparator&quot;:&quot;&quot;,&quot;animDuration&quot;:1000,&quot;animDelay&quot;:0,&quot;loop&quot;:&quot;&quot;,&quot;loopDelay&quot;:&quot;&quot;}\">\n\t\t\n\t\t\t<div class=\"wpr-prbar-content elementor-clearfix\"><div class=\"wpr-prbar-title-wrap\"><div class=\"wpr-prbar-title\">Tricologia<\/div><div class=\"wpr-prbar-subtitle\"><\/div><\/div>\n\t\t<div class=\"wpr-prbar-counter\">\n\n\t\t\t\n\t\t\t\t\t\t<span class=\"wpr-prbar-counter-value\">0<\/span>\n\t\t\t\n\t\t\t\t\t\t<span class=\"wpr-prbar-counter-value-suffix\">%<\/span>\n\t\t\t\n\t\t<\/div>\n\n\t\t<\/div>\n\t\t<div class=\"wpr-prbar-hr-line\">\n\t\t\t<div class=\"wpr-prbar-hr-line-inner wpr-anim-timing-ease-default\">\n\t\t\t\t\t\t\t<\/div>\n\t\t\t\t\t<\/div>\n\n\t\t\n\t\t<\/div>\n\n\t\t\t\t\t\t<\/div>\n\t\t\t\t<\/div>\n\t\t\t\t\t<\/div>\n\t\t<\/div>\n\t\t\t\t\t<\/div>\n\t\t<\/section>\n\t\t\t\t\t<\/div>\n\t\t<\/div>\n\t\t\t\t\t<\/div>\n\t\t<\/section>\n\t\t\t\t<section class=\"elementor-section elementor-top-section elementor-element elementor-element-d9b64de elementor-section-boxed elementor-section-height-default elementor-section-height-default wpr-particle-no wpr-jarallax-no wpr-parallax-no wpr-sticky-section-no\" data-id=\"d9b64de\" data-element_type=\"section\">\n\t\t\t\t\t\t<div class=\"elementor-container elementor-column-gap-default\">\n\t\t\t\t\t<div class=\"elementor-column elementor-col-50 elementor-top-column elementor-element elementor-element-1aed739\" data-id=\"1aed739\" data-element_type=\"column\">\n\t\t\t<div class=\"elementor-widget-wrap elementor-element-populated\">\n\t\t\t\t\t\t<div class=\"elementor-element elementor-element-bc8f151 elementor-widget elementor-widget-heading\" data-id=\"bc8f151\" data-element_type=\"widget\" data-widget_type=\"heading.default\">\n\t\t\t\t<div class=\"elementor-widget-container\">\n\t\t\t\t\t<h2 class=\"elementor-heading-title elementor-size-default\">Equipe por tras do sucesso da trato de barbados<\/h2>\t\t\t\t<\/div>\n\t\t\t\t<\/div>\n\t\t\t\t<div class=\"elementor-element elementor-element-d3b7f2e elementor-widget elementor-widget-heading\" data-id=\"d3b7f2e\" data-element_type=\"widget\" data-widget_type=\"heading.default\">\n\t\t\t\t<div class=\"elementor-widget-container\">\n\t\t\t\t\t<h2 class=\"elementor-heading-title elementor-size-default\">CONHE\u00c7A OS BARBEIROS ESPECIALISTAS<\/h2>\t\t\t\t<\/div>\n\t\t\t\t<\/div>\n\t\t\t\t<div class=\"elementor-element elementor-element-1eec7ee elementor-icon-list--layout-traditional elementor-list-item-link-full_width elementor-widget elementor-widget-icon-list\" data-id=\"1eec7ee\" data-element_type=\"widget\" data-widget_type=\"icon-list.default\">\n\t\t\t\t<div class=\"elementor-widget-container\">\n\t\t\t\t\t\t\t<ul class=\"elementor-icon-list-items\">\n\t\t\t\t\t\t\t<li class=\"elementor-icon-list-item\">\n\t\t\t\t\t\t\t\t\t\t\t<span class=\"elementor-icon-list-icon\">\n\t\t\t\t\t\t\t<svg aria-hidden=\"true\" class=\"e-font-icon-svg e-fas-check\" viewBox=\"0 0 512 512\" xmlns=\"http:\/\/www.w3.org\/2000\/svg\"><path d=\"M173.898 439.404l-166.4-166.4c-9.997-9.997-9.997-26.206 0-36.204l36.203-36.204c9.997-9.998 26.207-9.998 36.204 0L192 312.69 432.095 72.596c9.997-9.997 26.207-9.997 36.204 0l36.203 36.204c9.997 9.997 9.997 26.206 0 36.204l-294.4 294.401c-9.998 9.997-26.207 9.997-36.204-.001z\"><\/path><\/svg>\t\t\t\t\t\t<\/span>\n\t\t\t\t\t\t\t\t\t\t<span class=\"elementor-icon-list-text\">Barbeiros qualificados com dom\u00ednio em cortes cl\u00e1ssicos, modernos e modelagem de barba, garantindo perfei\u00e7\u00e3o em cada servi\u00e7o.<\/span>\n\t\t\t\t\t\t\t\t\t<\/li>\n\t\t\t\t\t\t\t\t<li class=\"elementor-icon-list-item\">\n\t\t\t\t\t\t\t\t\t\t\t<span class=\"elementor-icon-list-icon\">\n\t\t\t\t\t\t\t<svg aria-hidden=\"true\" class=\"e-font-icon-svg e-fas-check\" viewBox=\"0 0 512 512\" xmlns=\"http:\/\/www.w3.org\/2000\/svg\"><path d=\"M173.898 439.404l-166.4-166.4c-9.997-9.997-9.997-26.206 0-36.204l36.203-36.204c9.997-9.998 26.207-9.998 36.204 0L192 312.69 432.095 72.596c9.997-9.997 26.207-9.997 36.204 0l36.203 36.204c9.997 9.997 9.997 26.206 0 36.204l-294.4 294.401c-9.998 9.997-26.207 9.997-36.204-.001z\"><\/path><\/svg>\t\t\t\t\t\t<\/span>\n\t\t\t\t\t\t\t\t\t\t<span class=\"elementor-icon-list-text\">Servi\u00e7o personalizado que respeita o estilo e as prefer\u00eancias de cada cliente, com aten\u00e7\u00e3o aos detalhes.<\/span>\n\t\t\t\t\t\t\t\t\t<\/li>\n\t\t\t\t\t\t\t\t<li class=\"elementor-icon-list-item\">\n\t\t\t\t\t\t\t\t\t\t\t<span class=\"elementor-icon-list-icon\">\n\t\t\t\t\t\t\t<svg aria-hidden=\"true\" class=\"e-font-icon-svg e-fas-check\" viewBox=\"0 0 512 512\" xmlns=\"http:\/\/www.w3.org\/2000\/svg\"><path d=\"M173.898 439.404l-166.4-166.4c-9.997-9.997-9.997-26.206 0-36.204l36.203-36.204c9.997-9.998 26.207-9.998 36.204 0L192 312.69 432.095 72.596c9.997-9.997 26.207-9.997 36.204 0l36.203 36.204c9.997 9.997 9.997 26.206 0 36.204l-294.4 294.401c-9.998 9.997-26.207 9.997-36.204-.001z\"><\/path><\/svg>\t\t\t\t\t\t<\/span>\n\t\t\t\t\t\t\t\t\t\t<span class=\"elementor-icon-list-text\">How doubt yet again see son smart. While mirth large of on front. Ye he greater related adapted proceed entered an.<\/span>\n\t\t\t\t\t\t\t\t\t<\/li>\n\t\t\t\t\t\t\t\t<li class=\"elementor-icon-list-item\">\n\t\t\t\t\t\t\t\t\t\t\t<span class=\"elementor-icon-list-icon\">\n\t\t\t\t\t\t\t<svg aria-hidden=\"true\" class=\"e-font-icon-svg e-fas-check\" viewBox=\"0 0 512 512\" xmlns=\"http:\/\/www.w3.org\/2000\/svg\"><path d=\"M173.898 439.404l-166.4-166.4c-9.997-9.997-9.997-26.206 0-36.204l36.203-36.204c9.997-9.998 26.207-9.998 36.204 0L192 312.69 432.095 72.596c9.997-9.997 26.207-9.997 36.204 0l36.203 36.204c9.997 9.997 9.997 26.206 0 36.204l-294.4 294.401c-9.998 9.997-26.207 9.997-36.204-.001z\"><\/path><\/svg>\t\t\t\t\t\t<\/span>\n\t\t\t\t\t\t\t\t\t\t<span class=\"elementor-icon-list-text\">Utiliza\u00e7\u00e3o de produtos de alta qualidade para cuidar da sa\u00fade e apar\u00eancia do cabelo e da barba.<\/span>\n\t\t\t\t\t\t\t\t\t<\/li>\n\t\t\t\t\t\t\t\t<li class=\"elementor-icon-list-item\">\n\t\t\t\t\t\t\t\t\t\t\t<span class=\"elementor-icon-list-icon\">\n\t\t\t\t\t\t\t<svg aria-hidden=\"true\" class=\"e-font-icon-svg e-fas-check\" viewBox=\"0 0 512 512\" xmlns=\"http:\/\/www.w3.org\/2000\/svg\"><path d=\"M173.898 439.404l-166.4-166.4c-9.997-9.997-9.997-26.206 0-36.204l36.203-36.204c9.997-9.998 26.207-9.998 36.204 0L192 312.69 432.095 72.596c9.997-9.997 26.207-9.997 36.204 0l36.203 36.204c9.997 9.997 9.997 26.206 0 36.204l-294.4 294.401c-9.998 9.997-26.207 9.997-36.204-.001z\"><\/path><\/svg>\t\t\t\t\t\t<\/span>\n\t\t\t\t\t\t\t\t\t\t<span class=\"elementor-icon-list-text\">Experi\u00eancia completa em um espa\u00e7o elegante e confort\u00e1vel, al\u00e9m do atendimento diferenciado.<\/span>\n\t\t\t\t\t\t\t\t\t<\/li>\n\t\t\t\t\t\t<\/ul>\n\t\t\t\t\t\t<\/div>\n\t\t\t\t<\/div>\n\t\t\t\t\t<\/div>\n\t\t<\/div>\n\t\t\t\t<div class=\"elementor-column elementor-col-50 elementor-top-column elementor-element elementor-element-23f5d6b\" data-id=\"23f5d6b\" data-element_type=\"column\">\n\t\t\t<div class=\"elementor-widget-wrap elementor-element-populated\">\n\t\t\t\t\t\t<div class=\"elementor-element elementor-element-27992fa wpr-adv-slider-columns-1 wpr-adv-slider-columns--laptop1 wpr-adv-slider-columns--tablet1 wpr-adv-slider-columns--mobile1 wpr-adv-slides-to-scroll-1 wpr-slider-dots-horizontal elementor-widget elementor-widget-wpr-advanced-slider\" data-id=\"27992fa\" data-element_type=\"widget\" data-settings=\"{&quot;slider_amount&quot;:1,&quot;slider_amount_laptop&quot;:1,&quot;slider_amount_tablet&quot;:1,&quot;slider_amount_mobile&quot;:1,&quot;slides_to_scroll&quot;:1,&quot;slider_loop&quot;:&quot;yes&quot;,&quot;slider_hide_video_content&quot;:&quot;yes&quot;,&quot;slider_video_btn_size&quot;:&quot;medium&quot;}\" data-widget_type=\"wpr-advanced-slider.default\">\n\t\t\t\t<div class=\"elementor-widget-container\">\n\t\t\t\t\t\n\t\t<!-- Advanced Slider -->\n\t\t<div class=\"wpr-advanced-slider-wrap\">\n\t\t\t\n\t\t\t<div class=\"wpr-advanced-slider\" dir=\"ltr\" data-slick=\"{&quot;rtl&quot;:false,&quot;infinite&quot;:true,&quot;speed&quot;:700,&quot;arrows&quot;:true,&quot;dots&quot;:true,&quot;autoplay&quot;:false,&quot;autoplaySpeed&quot;:0,&quot;pauseOnHover&quot;:&quot;&quot;,&quot;prevArrow&quot;:&quot;#wpr-slider-prev-27992fa&quot;,&quot;nextArrow&quot;:&quot;#wpr-slider-next-27992fa&quot;,&quot;vertical&quot;:false,&quot;adaptiveHeight&quot;:true}\" data-hide-video-content=\"yes\" data-video-btn-size=\"{&quot;widescreen&quot;:&quot;medium&quot;,&quot;desktop&quot;:&quot;medium&quot;,&quot;laptop&quot;:&quot;medium&quot;,&quot;tablet_extra&quot;:&quot;medium&quot;,&quot;tablet&quot;:&quot;medium&quot;,&quot;mobile_extra&quot;:&quot;medium&quot;,&quot;mobile&quot;:&quot;medium&quot;}\" data-slide-effect=\"slide\">\n\t\t\t\t<div class=\"wpr-slider-item elementor-repeater-item-32a0fd7\"><div class=\"wpr-slider-item-bg \" style=\"background-image: url(https:\/\/tratodebarbados.com.br\/wp-content\/uploads\/2025\/01\/IMG_2321-Editar.jpg)\"><\/div><div class=\"wpr-cv-container\"><div class=\"wpr-cv-outer\"><div class=\"wpr-cv-inner\"><div class=\"wpr-slider-content\"><div class=\"wpr-slider-title\"><h2>Vinicius<\/h2><\/div><div class=\"wpr-slider-btns\"><\/div><\/div><\/div><\/div><\/div><\/div><div class=\"wpr-slider-item elementor-repeater-item-d4cff58\"><div class=\"wpr-slider-item-bg \" style=\"background-image: url(https:\/\/tratodebarbados.com.br\/wp-content\/uploads\/2025\/01\/IMG_2267-Editar.jpg)\"><\/div><div class=\"wpr-cv-container\"><div class=\"wpr-cv-outer\"><div class=\"wpr-cv-inner\"><div class=\"wpr-slider-content\"><div class=\"wpr-slider-title\"><h2>Renato<\/h2><\/div><div class=\"wpr-slider-btns\"><\/div><\/div><\/div><\/div><\/div><\/div><div class=\"wpr-slider-item elementor-repeater-item-b45834a\"><div class=\"wpr-slider-item-bg \" style=\"background-image: url(https:\/\/tratodebarbados.com.br\/wp-content\/uploads\/2025\/01\/IMG_2134-Editar.jpg)\"><\/div><div class=\"wpr-cv-container\"><div class=\"wpr-cv-outer\"><div class=\"wpr-cv-inner\"><div class=\"wpr-slider-content\"><div class=\"wpr-slider-title\"><h2>Jo\u00e3o<\/h2><\/div><div class=\"wpr-slider-btns\"><\/div><\/div><\/div><\/div><\/div><\/div><div class=\"wpr-slider-item elementor-repeater-item-9e316f9\"><div class=\"wpr-slider-item-bg \" style=\"background-image: url(https:\/\/tratodebarbados.com.br\/wp-content\/uploads\/2025\/01\/IMG_2202-Editar.jpg)\"><\/div><div class=\"wpr-cv-container\"><div class=\"wpr-cv-outer\"><div class=\"wpr-cv-inner\"><div class=\"wpr-slider-content\"><div class=\"wpr-slider-title\"><h2>Oton<\/h2><\/div><div class=\"wpr-slider-sub-title\"><h3>Slide Sub Title<\/h3><\/div><div class=\"wpr-slider-btns\"><\/div><\/div><\/div><\/div><\/div><\/div>\t\t\t<\/div>\n\t\t\t<div class=\"wpr-slider-controls\">\n\t\t\t\t<div class=\"wpr-slider-dots\"><\/div>\n\t\t\t<\/div>\n\n\t\t\t<div class=\"wpr-slider-arrow-container\">\n\t\t\t\t<div class=\"wpr-slider-prev-arrow wpr-slider-arrow\" id=\"wpr-slider-prev-27992fa\">\n\t\t\t\t\t<svg version=\"1.1\" xmlns=\"http:\/\/www.w3.org\/2000\/svg\" xmlns:xlink=\"http:\/\/www.w3.org\/1999\/xlink\" x=\"0px\" y=\"0px\" viewBox=\"0 0 283.4 512\" style=\"enable-background:new 0 0 283.4 512;\" xml:space=\"preserve\"><g><polygon class=\"st0\" points=\"54.5,256.3 283.4,485.1 256.1,512.5 0,256.3 0,256.3 27.2,229 256.1,0 283.4,27.4 \"\/><\/g><\/svg>\t\t\t\t<\/div>\n\t\t\t\t<div class=\"wpr-slider-next-arrow wpr-slider-arrow\" id=\"wpr-slider-next-27992fa\">\n\t\t\t\t\t<svg version=\"1.1\" xmlns=\"http:\/\/www.w3.org\/2000\/svg\" xmlns:xlink=\"http:\/\/www.w3.org\/1999\/xlink\" x=\"0px\" y=\"0px\" viewBox=\"0 0 283.4 512\" style=\"enable-background:new 0 0 283.4 512;\" xml:space=\"preserve\"><g><polygon class=\"st0\" points=\"54.5,256.3 283.4,485.1 256.1,512.5 0,256.3 0,256.3 27.2,229 256.1,0 283.4,27.4 \"\/><\/g><\/svg>\t\t\t\t<\/div>\n\t\t\t<\/div>\n\t\t\t\n\t\t\t\n\t\t<\/div>\n\t\t\t\t\t\t<\/div>\n\t\t\t\t<\/div>\n\t\t\t\t\t<\/div>\n\t\t<\/div>\n\t\t\t\t\t<\/div>\n\t\t<\/section>\n\t\t\t\t<\/div>\n\t\t","protected":false},"excerpt":{"rendered":"<p>Profissionais Habilidades dos Barbeiros POR QUE NOS ESCOLHER Corte 0 % Barba 0 % Visagismo 0 % Tricologia 0 % Equipe por tras do sucesso da trato de barbados CONHE\u00c7A OS BARBEIROS ESPECIALISTAS Barbeiros qualificados com dom\u00ednio em cortes cl\u00e1ssicos, modernos e modelagem de barba, garantindo perfei\u00e7\u00e3o em cada servi\u00e7o. Servi\u00e7o personalizado que respeita o estilo e as prefer\u00eancias de cada cliente, com aten\u00e7\u00e3o aos detalhes. How doubt yet again see son smart. While mirth large of on front. Ye he greater related adapted proceed entered an. Utiliza\u00e7\u00e3o de produtos de alta qualidade para cuidar da sa\u00fade e apar\u00eancia do cabelo e da barba. Experi\u00eancia completa em um espa\u00e7o elegante e confort\u00e1vel, al\u00e9m do atendimento diferenciado. Vinicius Renato Jo\u00e3o Oton Slide Sub Title<\/p>\n","protected":false},"author":1,"featured_media":0,"parent":0,"menu_order":0,"comment_status":"closed","ping_status":"closed","template":"elementor_canvas","meta":{"om_disable_all_campaigns":false,"_monsterinsights_skip_tracking":false,"_monsterinsights_sitenote_active":false,"_monsterinsights_sitenote_note":"","_monsterinsights_sitenote_category":0,"footnotes":""},"class_list":["post-27","page","type-page","status-publish","hentry"],"aioseo_notices":[],"_links":{"self":[{"href":"https:\/\/tratodebarbados.com.br\/index.php?rest_route=\/wp\/v2\/pages\/27","targetHints":{"allow":["GET"]}}],"collection":[{"href":"https:\/\/tratodebarbados.com.br\/index.php?rest_route=\/wp\/v2\/pages"}],"about":[{"href":"https:\/\/tratodebarbados.com.br\/index.php?rest_route=\/wp\/v2\/types\/page"}],"author":[{"embeddable":true,"href":"https:\/\/tratodebarbados.com.br\/index.php?rest_route=\/wp\/v2\/users\/1"}],"replies":[{"embeddable":true,"href":"https:\/\/tratodebarbados.com.br\/index.php?rest_route=%2Fwp%2Fv2%2Fcomments&post=27"}],"version-history":[{"count":6,"href":"https:\/\/tratodebarbados.com.br\/index.php?rest_route=\/wp\/v2\/pages\/27\/revisions"}],"predecessor-version":[{"id":1682,"href":"https:\/\/tratodebarbados.com.br\/index.php?rest_route=\/wp\/v2\/pages\/27\/revisions\/1682"}],"wp:attachment":[{"href":"https:\/\/tratodebarbados.com.br\/index.php?rest_route=%2Fwp%2Fv2%2Fmedia&parent=27"}],"curies":[{"name":"wp","href":"https:\/\/api.w.org\/{rel}","templated":true}]}}